{"id":45,"date":"2018-09-04T16:45:50","date_gmt":"2018-09-04T14:45:50","guid":{"rendered":"http:\/\/hodro.de\/alpha\/?page_id=45"},"modified":"2018-09-04T17:26:10","modified_gmt":"2018-09-04T15:26:10","slug":"ueber-mich","status":"publish","type":"page","link":"https:\/\/hodro.de\/th\/ueber-mich\/","title":{"rendered":"\u00dcber mich"},"content":{"rendered":"<div id=\"1zkp9x4u\" class=\"az-element az-section\" data-az-id=\"1zkp9x4u\" data-azb=\"az_section\" data-azat-style=\"margin-top:50px;\">\n<div class=\"az-ctnr container\" data-azcnt=\"true\">\n<div class=\"az-element az-row row az-row--sm\" data-az-id=\"0id7lk4e\" data-azb=\"az_row\" data-azat-device=\"sm\" data-azcnt=\"true\">\n<div class=\"az-element az-ctnr az-column col-sm-9\" data-az-id=\"psekxtmh\" data-azb=\"az_column\" data-azat-width=\"3\/4\" data-azcnt=\"true\">\n<div class=\"az-element az-text\" data-az-id=\"qby06rjf\" data-azb=\"az_text\" data-azcnt=\"true\">\n<p class=\"lead\"><img loading=\"lazy\" class=\"alignright size-medium wp-image-76\" src=\"http:\/\/hodro.de\/alpha\/wp-content\/uploads\/2018\/09\/th_uebermich01-200x300.jpg\" alt=\"\" width=\"200\" height=\"300\" srcset=\"https:\/\/hodro.de\/th\/wp-content\/uploads\/2018\/09\/th_uebermich01-200x300.jpg 200w, https:\/\/hodro.de\/th\/wp-content\/uploads\/2018\/09\/th_uebermich01.jpg 500w\" sizes=\"(max-width: 200px) 100vw, 200px\" \/>Nach meiner Ausbildung zum Diplom-KfZ-Betriebswirt an der BFC in Calw, wechselte ich in den Bereich der Logistik \u2013 mit sp\u00e4teren Schwerpunkt Chemielogistik \u2013 Chemical Warehouse und Distribution.<\/p>\n<p class=\"lead\">Nach langj\u00e4hriger Erfahrung im Familienbetrieb \u2013 hier in der Gesch\u00e4ftsleitung \u2013 haben wir uns 2012 dazu entschlossen das Unternehmen zu verkaufen. Nach ca. 12 monatiger M\u00f6glichkeit als Niederlassungsleiter im Konzern zu arbeiten, habe ich mich dazu entschlossen den Standort zu verlassen.<\/p>\n<p class=\"lead\">Mein Weg f\u00fchrte mich zur\u00fcck in den Mittelstand \u2013 hier in den Bereich Chemiedistribution, wo ich gut 4 Jahre als Head of Logistics und Sales Manager Benelux arbeitete.<\/p>\n<p class=\"lead\">Ab M\u00e4rz 2017, habe ich mir einen Traum erf\u00fcllen k\u00f6nnen und habe\u00a0 als Gesch\u00e4ftsf\u00fchrer bei der HoDro GmbH begonnen.<\/p>\n<\/div>\n<\/div>\n<\/div>\n<\/div>\n<\/div>\n<div id=\"bw04zo9e\" class=\"az-element az-section\" data-az-id=\"bw04zo9e\" data-azb=\"az_section\">\n<div class=\"az-ctnr container\" data-azcnt=\"true\">\n<div class=\"az-element az-text\" data-az-id=\"rf37sgnr\" data-azb=\"az_text\" data-azcnt=\"true\">\n<p class=\"lead\">Hier finde ich verschiedene Herausforderungen und kann Unternehmen mit Ihren Menschen dabei unterst\u00fctzen zuk\u00fcnftige Aufgaben zu meistern.<\/p>\n<p class=\"lead\">\u00dcber mehr als 20 Jahre konnte ich mir ein sehr gro\u00dfes Netzwerk schaffen \u2013 hier mit Schwerpunkt Deutschland und den Niederlanden. Auch die niederl\u00e4ndische Sprache beherrsche ich verhandlungssicher.<\/p>\n<p class=\"lead\">In meiner gesamten Zeit im Markt war ich in sehr vielen Verb\u00e4nden, Vereinigungen und Netzwerk-Clubs aktiv \u2013 wie VVWL, VCH, VHCP VVVF, JIDC, ETT uvm. \u00dcber all die Jahre hatte ich die M\u00f6glichkeit mir in diversen Fortbildungen \u2013 neue Vorgehensweisen anzueignen und an mein Team weiterzugeben.<\/p>\n<p class=\"lead\"><strong>Auszug aus den Schulungen:<\/strong><\/p>\n<p class=\"lead\">Diverse F\u00fchrungstranings, K\u00f6persprache (bei Samy Molcho), Vertriebstrainings, ADR \u2013 Gefahrgutbeauftragter, ADR-Schein, diverse Schulung gem. Kennziffer 95 Berufskraftfahrerqualifizierungsverordnung uvm.<\/p>\n<p class=\"lead\">Zur Zeit besuche ich eine einj\u00e4hrige Train the Trainer Ausbildung bei www.GEDANKENtanken.com in K\u00f6ln!<\/p>\n<\/div>\n<\/div>\n<\/div>\n<div id=\"vdzpep4e\" class=\"az-element az-section\" data-az-id=\"vdzpep4e\" data-azb=\"az_section\">\n<div class=\"az-ctnr container\" data-azcnt=\"true\">\n<div class=\"az-element az-text\" data-az-id=\"6ini2ss6\" data-azb=\"az_text\" data-azcnt=\"true\">\n<p class=\"lead\"><strong>Hier ein Auszug der Referenten:<\/strong><\/p>\n<p class=\"lead\">Dr. Stefan Fr\u00e4drich, Dirk Kreuter, Tim Taxis, Denys Scharnweber, Boris Grundl, Thilo Baum, Tobias Beck, Yvonne de Bark, Prof. Dr. Knoblauch, Prof. Dr. Lars Vollmer, Peter Brandl uvm.<\/p>\n<p class=\"lead\">Thomas Hoffmann\u00a0 ist auf der Suche nach neuen, interessanten Herausforderungen auf dieser Welt.<\/p>\n<p class=\"lead\">Thomas Hoffmann heute: Ich (Jahrgang 1970) wohne mit meiner Familie \u2013 meine Frau, 2 S\u00f6hne (13+18) und unseren 2 Hunden im westlichen M\u00fcnsterland direkt an der niederl\u00e4ndischen Grenze. In meiner Freizeit besch\u00e4ftige ich mich gerne mit der Familie, unseren Hunden, Tauchen und Motorrad fahren.<\/p>\n<\/div>\n<\/div>\n<\/div>\n","protected":false},"excerpt":{"rendered":"<p>Nach meiner Ausbildung zum Diplom-KfZ-Betriebswirt an der BFC in Calw, wechselte ich in den Bereich der Logistik \u2013 mit sp\u00e4teren<\/p>\n","protected":false},"author":1,"featured_media":0,"parent":0,"menu_order":0,"comment_status":"closed","ping_status":"closed","template":"","meta":[],"_links":{"self":[{"href":"https:\/\/hodro.de\/th\/wp-json\/wp\/v2\/pages\/45"}],"collection":[{"href":"https:\/\/hodro.de\/th\/wp-json\/wp\/v2\/pages"}],"about":[{"href":"https:\/\/hodro.de\/th\/wp-json\/wp\/v2\/types\/page"}],"author":[{"embeddable":true,"href":"https:\/\/hodro.de\/th\/wp-json\/wp\/v2\/users\/1"}],"replies":[{"embeddable":true,"href":"https:\/\/hodro.de\/th\/wp-json\/wp\/v2\/comments?post=45"}],"version-history":[{"count":4,"href":"https:\/\/hodro.de\/th\/wp-json\/wp\/v2\/pages\/45\/revisions"}],"predecessor-version":[{"id":82,"href":"https:\/\/hodro.de\/th\/wp-json\/wp\/v2\/pages\/45\/revisions\/82"}],"wp:attachment":[{"href":"https:\/\/hodro.de\/th\/wp-json\/wp\/v2\/media?parent=45"}],"curies":[{"name":"wp","href":"https:\/\/api.w.org\/{rel}","templated":true}]}}